{"id":36961,"date":"2023-03-07T11:15:06","date_gmt":"2023-03-07T11:15:06","guid":{"rendered":"https:\/\/jaworska-kancelaria.pl\/practice-area-styles-1\/"},"modified":"2024-03-19T10:53:53","modified_gmt":"2024-03-19T10:53:53","slug":"practice-area-styles-1","status":"publish","type":"page","link":"https:\/\/jaworska-kancelaria.pl\/en\/practice-area-styles-1\/","title":{"rendered":"Practice Area Styles 1"},"content":{"rendered":"\t\t<div data-elementor-type=\"wp-page\" data-elementor-id=\"36961\" class=\"elementor elementor-36961 elementor-33013\">\n\t\t\t\t\t\t<section class=\"elementor-section elementor-top-section elementor-element elementor-element-e9cd0a6 elementor-section-content-middle elementor-section-boxed elementor-section-height-default elementor-section-height-default\" data-id=\"e9cd0a6\" data-element_type=\"section\">\n\t\t\t\t\t\t<div class=\"elementor-container elementor-column-gap-extended\">\n\t\t\t\t\t<div class=\"elementor-column elementor-col-100 elementor-top-column elementor-element elementor-element-1554b18\" data-id=\"1554b18\" data-element_type=\"column\">\n\t\t\t<div class=\"elementor-widget-wrap elementor-element-populated\">\n\t\t\t\t\t\t<div class=\"elementor-element elementor-element-63c1e4e elementor-invisible elementor-widget elementor-widget-ceaservice\" data-id=\"63c1e4e\" data-element_type=\"widget\" data-settings=\"{&quot;_animation&quot;:&quot;fadeInUp&quot;}\" data-widget_type=\"ceaservice.default\">\n\t\t\t\t\r\n\t\t<div class=\"elementor-widget-container service-wrapper service-style-classic service-light service-normal-model\">\r\n\t\t\r\n\t\t\t<div class=\"row\"><div class=\"col-lg-4 col-md-4\" ><div class=\"service-inner\"><div class=\"service-icon-img-wrap\"><img decoding=\"async\" src=\"https:\/\/jaworska-kancelaria.pl\/wp-content\/uploads\/2024\/02\/download-1.png\" class=\"img-fluid service-icon-img\" alt=\"DIVORCE AND FAMILY LAW\" \/><\/div><div class=\"entry-title\"><h4 class=\"post-title-head\"><a href=\"https:\/\/jaworska-kancelaria.pl\/en\/service\/divorce-and-family-law\/\" class=\"post-title\">DIVORCE AND FAMILY LAW<\/a><\/h4><\/div><!-- .entry-title --><\/div><!-- .service-inner --><\/div><!-- .col \/ .owl-carousel-item \/ .isotope --><div class=\"col-lg-4 col-md-4\" ><div class=\"service-inner\"><div class=\"service-icon-img-wrap\"><img decoding=\"async\" src=\"https:\/\/jaworska-kancelaria.pl\/wp-content\/uploads\/2024\/02\/download.png\" class=\"img-fluid service-icon-img\" alt=\"SPADES\" \/><\/div><div class=\"entry-title\"><h4 class=\"post-title-head\"><a href=\"https:\/\/jaworska-kancelaria.pl\/en\/service\/spades\/\" class=\"post-title\">SPADES<\/a><\/h4><\/div><!-- .entry-title --><\/div><!-- .service-inner --><\/div><!-- .col \/ .owl-carousel-item \/ .isotope --><div class=\"col-lg-4 col-md-4\" ><div class=\"service-inner\"><div class=\"service-icon-img-wrap\"><img decoding=\"async\" src=\"https:\/\/jaworska-kancelaria.pl\/wp-content\/uploads\/2024\/02\/download-1.png\" class=\"img-fluid service-icon-img\" alt=\"CONSUMER BANKRUPTCY\" \/><\/div><div class=\"entry-title\"><h4 class=\"post-title-head\"><a href=\"https:\/\/jaworska-kancelaria.pl\/en\/service\/consumer-bankruptcy\/\" class=\"post-title\">CONSUMER BANKRUPTCY<\/a><\/h4><\/div><!-- .entry-title --><\/div><!-- .service-inner --><\/div><!-- .col \/ .owl-carousel-item \/ .isotope --><\/div><!-- .row --><div class=\"row\"><div class=\"col-lg-4 col-md-4\" ><div class=\"service-inner\"><div class=\"service-icon-img-wrap\"><img decoding=\"async\" src=\"https:\/\/jaworska-kancelaria.pl\/wp-content\/uploads\/2024\/02\/download.png\" class=\"img-fluid service-icon-img\" alt=\"LIABILITY OF MANAGERS IN CONNECTION WITH INSOLVENCY\" \/><\/div><div class=\"entry-title\"><h4 class=\"post-title-head\"><a href=\"https:\/\/jaworska-kancelaria.pl\/en\/service\/liability-of-managers-in-connection-with-insolvency\/\" class=\"post-title\">LIABILITY OF MANAGERS IN CONNECTION WITH INSOLVENCY<\/a><\/h4><\/div><!-- .entry-title --><\/div><!-- .service-inner --><\/div><!-- .col \/ .owl-carousel-item \/ .isotope --><div class=\"col-lg-4 col-md-4\" ><div class=\"service-inner\"><div class=\"service-icon-img-wrap\"><img decoding=\"async\" src=\"https:\/\/jaworska-kancelaria.pl\/wp-content\/uploads\/2024\/02\/download-1.png\" class=\"img-fluid service-icon-img\" alt=\"ESTABLISHMENT OF COMPANIES, ASSOCIATIONS, FOUNDATIONS\" \/><\/div><div class=\"entry-title\"><h4 class=\"post-title-head\"><a href=\"https:\/\/jaworska-kancelaria.pl\/en\/service\/establishment-of-companies-associations-foundations\/\" class=\"post-title\">ESTABLISHMENT OF COMPANIES, ASSOCIATIONS, FOUNDATIONS<\/a><\/h4><\/div><!-- .entry-title --><\/div><!-- .service-inner --><\/div><!-- .col \/ .owl-carousel-item \/ .isotope --><div class=\"col-lg-4 col-md-4\" ><div class=\"service-inner\"><div class=\"service-icon-img-wrap\"><img decoding=\"async\" src=\"https:\/\/jaworska-kancelaria.pl\/wp-content\/uploads\/2024\/02\/download.png\" class=\"img-fluid service-icon-img\" alt=\"LEGAL SERVICES FOR ENTREPRENEURS\" \/><\/div><div class=\"entry-title\"><h4 class=\"post-title-head\"><a href=\"https:\/\/jaworska-kancelaria.pl\/en\/service\/legal-services-for-entrepreneurs\/\" class=\"post-title\">LEGAL SERVICES FOR ENTREPRENEURS<\/a><\/h4><\/div><!-- .entry-title --><\/div><!-- .service-inner --><\/div><!-- .col \/ .owl-carousel-item \/ .isotope --><\/div><!-- .row -->\t\t\t\r\n\t\t<\/div>\r\n\t\t\t\t<\/div>\n\t\t\t\t\t<\/div>\n\t\t<\/div>\n\t\t\t\t\t<\/div>\n\t\t<\/section>\n\t\t\t\t<\/div>\n\t\t","protected":false},"excerpt":{"rendered":"<p>ROZWODY I PRAWO RODZINNE SPADKI UPAD\u0141O\u015a\u0106 KONSUMENCKA ODPOWIEDZIALNO\u015a\u0106 MENAD\u017bER\u00d3W W..<\/p>\n","protected":false},"author":3,"featured_media":0,"parent":0,"menu_order":0,"comment_status":"closed","ping_status":"closed","template":"","meta":{"footnotes":""},"yoast_head":"<!-- This site is optimized with the Yoast SEO plugin v22.3 - https:\/\/yoast.com\/wordpress\/plugins\/seo\/ -->\n<title>Practice Area Styles 1 - Jaworska<\/title>\n<meta name=\"robots\" content=\"index, follow, max-snippet:-1, max-image-preview:large, max-video-preview:-1\" \/>\n<link rel=\"canonical\" href=\"https:\/\/jaworska-kancelaria.pl\/practice-area-styles-1\/\" \/>\n<meta property=\"og:locale\" content=\"en_US\" \/>\n<meta property=\"og:type\" content=\"article\" \/>\n<meta property=\"og:title\" content=\"Practice Area Styles 1 - Jaworska\" \/>\n<meta property=\"og:description\" content=\"ROZWODY I PRAWO RODZINNE SPADKI UPAD\u0141O\u015a\u0106 KONSUMENCKA ODPOWIEDZIALNO\u015a\u0106 MENAD\u017bER\u00d3W W..\" \/>\n<meta property=\"og:url\" content=\"https:\/\/jaworska-kancelaria.pl\/practice-area-styles-1\/\" \/>\n<meta property=\"og:site_name\" content=\"Jaworska\" \/>\n<meta property=\"article:modified_time\" content=\"2024-03-19T10:53:53+00:00\" \/>\n<meta property=\"og:image\" content=\"https:\/\/jaworska-kancelaria.pl\/wp-content\/uploads\/2022\/07\/news-2.png\" \/>\n<meta name=\"twitter:card\" content=\"summary_large_image\" \/>\n<script type=\"application\/ld+json\" class=\"yoast-schema-graph\">{\"@context\":\"https:\/\/schema.org\",\"@graph\":[{\"@type\":\"WebPage\",\"@id\":\"https:\/\/jaworska-kancelaria.pl\/practice-area-styles-1\/\",\"url\":\"https:\/\/jaworska-kancelaria.pl\/practice-area-styles-1\/\",\"name\":\"Practice Area Styles 1 - Jaworska\",\"isPartOf\":{\"@id\":\"https:\/\/jaworska-kancelaria.pl\/#website\"},\"primaryImageOfPage\":{\"@id\":\"https:\/\/jaworska-kancelaria.pl\/practice-area-styles-1\/#primaryimage\"},\"image\":{\"@id\":\"https:\/\/jaworska-kancelaria.pl\/practice-area-styles-1\/#primaryimage\"},\"thumbnailUrl\":\"https:\/\/jaworska-kancelaria.pl\/wp-content\/uploads\/2022\/07\/news-2.png\",\"datePublished\":\"2023-03-07T11:15:06+00:00\",\"dateModified\":\"2024-03-19T10:53:53+00:00\",\"breadcrumb\":{\"@id\":\"https:\/\/jaworska-kancelaria.pl\/practice-area-styles-1\/#breadcrumb\"},\"inLanguage\":\"en-US\",\"potentialAction\":[{\"@type\":\"ReadAction\",\"target\":[\"https:\/\/jaworska-kancelaria.pl\/practice-area-styles-1\/\"]}]},{\"@type\":\"ImageObject\",\"inLanguage\":\"en-US\",\"@id\":\"https:\/\/jaworska-kancelaria.pl\/practice-area-styles-1\/#primaryimage\",\"url\":\"https:\/\/jaworska-kancelaria.pl\/wp-content\/uploads\/2022\/07\/news-2.png\",\"contentUrl\":\"https:\/\/jaworska-kancelaria.pl\/wp-content\/uploads\/2022\/07\/news-2.png\",\"width\":128,\"height\":128},{\"@type\":\"BreadcrumbList\",\"@id\":\"https:\/\/jaworska-kancelaria.pl\/practice-area-styles-1\/#breadcrumb\",\"itemListElement\":[{\"@type\":\"ListItem\",\"position\":1,\"name\":\"Strona g\u0142\u00f3wna\",\"item\":\"https:\/\/jaworska-kancelaria.pl\/\"},{\"@type\":\"ListItem\",\"position\":2,\"name\":\"Practice Area Styles 1\"}]},{\"@type\":\"WebSite\",\"@id\":\"https:\/\/jaworska-kancelaria.pl\/#website\",\"url\":\"https:\/\/jaworska-kancelaria.pl\/\",\"name\":\"Jaworska\",\"description\":\"\",\"publisher\":{\"@id\":\"https:\/\/jaworska-kancelaria.pl\/#organization\"},\"potentialAction\":[{\"@type\":\"SearchAction\",\"target\":{\"@type\":\"EntryPoint\",\"urlTemplate\":\"https:\/\/jaworska-kancelaria.pl\/?s={search_term_string}\"},\"query-input\":\"required name=search_term_string\"}],\"inLanguage\":\"en-US\"},{\"@type\":\"Organization\",\"@id\":\"https:\/\/jaworska-kancelaria.pl\/#organization\",\"name\":\"Jaworska\",\"url\":\"https:\/\/jaworska-kancelaria.pl\/\",\"logo\":{\"@type\":\"ImageObject\",\"inLanguage\":\"en-US\",\"@id\":\"https:\/\/jaworska-kancelaria.pl\/#\/schema\/logo\/image\/\",\"url\":\"https:\/\/jaworska-kancelaria.pl\/wp-content\/uploads\/2023\/03\/1-logo.png.webp\",\"contentUrl\":\"https:\/\/jaworska-kancelaria.pl\/wp-content\/uploads\/2023\/03\/1-logo.png.webp\",\"width\":197,\"height\":92,\"caption\":\"Jaworska\"},\"image\":{\"@id\":\"https:\/\/jaworska-kancelaria.pl\/#\/schema\/logo\/image\/\"}}]}<\/script>\n<!-- \/ Yoast SEO plugin. -->","yoast_head_json":{"title":"Practice Area Styles 1 - Jaworska","robots":{"index":"index","follow":"follow","max-snippet":"max-snippet:-1","max-image-preview":"max-image-preview:large","max-video-preview":"max-video-preview:-1"},"canonical":"https:\/\/jaworska-kancelaria.pl\/practice-area-styles-1\/","og_locale":"en_US","og_type":"article","og_title":"Practice Area Styles 1 - Jaworska","og_description":"ROZWODY I PRAWO RODZINNE SPADKI UPAD\u0141O\u015a\u0106 KONSUMENCKA ODPOWIEDZIALNO\u015a\u0106 MENAD\u017bER\u00d3W W..","og_url":"https:\/\/jaworska-kancelaria.pl\/practice-area-styles-1\/","og_site_name":"Jaworska","article_modified_time":"2024-03-19T10:53:53+00:00","og_image":[{"url":"https:\/\/jaworska-kancelaria.pl\/wp-content\/uploads\/2022\/07\/news-2.png"}],"twitter_card":"summary_large_image","schema":{"@context":"https:\/\/schema.org","@graph":[{"@type":"WebPage","@id":"https:\/\/jaworska-kancelaria.pl\/practice-area-styles-1\/","url":"https:\/\/jaworska-kancelaria.pl\/practice-area-styles-1\/","name":"Practice Area Styles 1 - Jaworska","isPartOf":{"@id":"https:\/\/jaworska-kancelaria.pl\/#website"},"primaryImageOfPage":{"@id":"https:\/\/jaworska-kancelaria.pl\/practice-area-styles-1\/#primaryimage"},"image":{"@id":"https:\/\/jaworska-kancelaria.pl\/practice-area-styles-1\/#primaryimage"},"thumbnailUrl":"https:\/\/jaworska-kancelaria.pl\/wp-content\/uploads\/2022\/07\/news-2.png","datePublished":"2023-03-07T11:15:06+00:00","dateModified":"2024-03-19T10:53:53+00:00","breadcrumb":{"@id":"https:\/\/jaworska-kancelaria.pl\/practice-area-styles-1\/#breadcrumb"},"inLanguage":"en-US","potentialAction":[{"@type":"ReadAction","target":["https:\/\/jaworska-kancelaria.pl\/practice-area-styles-1\/"]}]},{"@type":"ImageObject","inLanguage":"en-US","@id":"https:\/\/jaworska-kancelaria.pl\/practice-area-styles-1\/#primaryimage","url":"https:\/\/jaworska-kancelaria.pl\/wp-content\/uploads\/2022\/07\/news-2.png","contentUrl":"https:\/\/jaworska-kancelaria.pl\/wp-content\/uploads\/2022\/07\/news-2.png","width":128,"height":128},{"@type":"BreadcrumbList","@id":"https:\/\/jaworska-kancelaria.pl\/practice-area-styles-1\/#breadcrumb","itemListElement":[{"@type":"ListItem","position":1,"name":"Strona g\u0142\u00f3wna","item":"https:\/\/jaworska-kancelaria.pl\/"},{"@type":"ListItem","position":2,"name":"Practice Area Styles 1"}]},{"@type":"WebSite","@id":"https:\/\/jaworska-kancelaria.pl\/#website","url":"https:\/\/jaworska-kancelaria.pl\/","name":"Jaworska","description":"","publisher":{"@id":"https:\/\/jaworska-kancelaria.pl\/#organization"},"potentialAction":[{"@type":"SearchAction","target":{"@type":"EntryPoint","urlTemplate":"https:\/\/jaworska-kancelaria.pl\/?s={search_term_string}"},"query-input":"required name=search_term_string"}],"inLanguage":"en-US"},{"@type":"Organization","@id":"https:\/\/jaworska-kancelaria.pl\/#organization","name":"Jaworska","url":"https:\/\/jaworska-kancelaria.pl\/","logo":{"@type":"ImageObject","inLanguage":"en-US","@id":"https:\/\/jaworska-kancelaria.pl\/#\/schema\/logo\/image\/","url":"https:\/\/jaworska-kancelaria.pl\/wp-content\/uploads\/2023\/03\/1-logo.png.webp","contentUrl":"https:\/\/jaworska-kancelaria.pl\/wp-content\/uploads\/2023\/03\/1-logo.png.webp","width":197,"height":92,"caption":"Jaworska"},"image":{"@id":"https:\/\/jaworska-kancelaria.pl\/#\/schema\/logo\/image\/"}}]}},"_links":{"self":[{"href":"https:\/\/jaworska-kancelaria.pl\/en\/wp-json\/wp\/v2\/pages\/36961"}],"collection":[{"href":"https:\/\/jaworska-kancelaria.pl\/en\/wp-json\/wp\/v2\/pages"}],"about":[{"href":"https:\/\/jaworska-kancelaria.pl\/en\/wp-json\/wp\/v2\/types\/page"}],"author":[{"embeddable":true,"href":"https:\/\/jaworska-kancelaria.pl\/en\/wp-json\/wp\/v2\/users\/3"}],"replies":[{"embeddable":true,"href":"https:\/\/jaworska-kancelaria.pl\/en\/wp-json\/wp\/v2\/comments?post=36961"}],"version-history":[{"count":1,"href":"https:\/\/jaworska-kancelaria.pl\/en\/wp-json\/wp\/v2\/pages\/36961\/revisions"}],"predecessor-version":[{"id":36962,"href":"https:\/\/jaworska-kancelaria.pl\/en\/wp-json\/wp\/v2\/pages\/36961\/revisions\/36962"}],"wp:attachment":[{"href":"https:\/\/jaworska-kancelaria.pl\/en\/wp-json\/wp\/v2\/media?parent=36961"}],"curies":[{"name":"wp","href":"https:\/\/api.w.org\/{rel}","templated":true}]}}