{"id":37869,"date":"2023-03-07T11:19:55","date_gmt":"2023-03-07T11:19:55","guid":{"rendered":"https:\/\/jaworska-kancelaria.pl\/%d1%81%d1%82%d0%b8%d0%bb%d1%96-%d0%bf%d1%80%d0%b0%d0%ba%d1%82%d0%b8%d0%ba-2\/"},"modified":"2024-07-17T11:18:59","modified_gmt":"2024-07-17T11:18:59","slug":"%d1%81%d1%82%d0%b8%d0%bb%d1%96-%d0%bf%d1%80%d0%b0%d0%ba%d1%82%d0%b8%d0%ba-2","status":"publish","type":"page","link":"https:\/\/jaworska-kancelaria.pl\/uk\/%d1%81%d1%82%d0%b8%d0%bb%d1%96-%d0%bf%d1%80%d0%b0%d0%ba%d1%82%d0%b8%d0%ba-2\/","title":{"rendered":"\u0421\u0442\u0438\u043b\u0456 \u043f\u0440\u0430\u043a\u0442\u0438\u043a 2"},"content":{"rendered":"\t\t<div data-elementor-type=\"wp-page\" data-elementor-id=\"37869\" class=\"elementor elementor-37869 elementor-33036\">\n\t\t\t\t\t\t<section class=\"elementor-section elementor-top-section elementor-element elementor-element-e9cd0a6 elementor-section-content-middle elementor-section-boxed elementor-section-height-default elementor-section-height-default\" data-id=\"e9cd0a6\" data-element_type=\"section\">\n\t\t\t\t\t\t<div class=\"elementor-container elementor-column-gap-extended\">\n\t\t\t\t\t<div class=\"elementor-column elementor-col-100 elementor-top-column elementor-element elementor-element-1554b18\" data-id=\"1554b18\" data-element_type=\"column\">\n\t\t\t<div class=\"elementor-widget-wrap elementor-element-populated\">\n\t\t\t\t\t\t<div class=\"elementor-element elementor-element-d6ff8cd elementor-widget elementor-widget-ceaservice\" data-id=\"d6ff8cd\" data-element_type=\"widget\" data-widget_type=\"ceaservice.default\">\n\t\t\t\t\r\n\t\t<div class=\"elementor-widget-container service-wrapper service-style-default service-light service-normal-model\">\r\n\t\t\r\n\t\t\t<div class=\"row\"><div class=\"col-lg-4 col-md-4\" ><div class=\"service-inner\"><div class=\"entry-title\"><h4 class=\"post-title-head\"><a href=\"https:\/\/jaworska-kancelaria.pl\/uk\/service\/%d1%80%d0%be%d0%b7%d0%bb%d1%83%d1%87%d0%b5%d0%bd%d0%bd%d1%8f-%d1%82%d0%b0-%d1%81%d1%96%d0%bc%d0%b5%d0%b9%d0%bd%d0%b5-%d0%bf%d1%80%d0%b0%d0%b2%d0%be\/\" class=\"post-title\">\u0420\u041e\u0417\u041b\u0423\u0427\u0415\u041d\u041d\u042f \u0422\u0410 \u0421\u0406\u041c\u0415\u0419\u041d\u0415 \u041f\u0420\u0410\u0412\u041e<\/a><\/h4><\/div><!-- .entry-title --><div class=\"post-excerpt\"><p>\u041a\u043e\u043c\u0430\u043d\u0434\u0430 \u044e\u0440\u0438\u0434\u0438\u0447\u043d\u043e\u0457 \u0444\u0456\u0440\u043c\u0438 \u0433\u0430\u0440\u0430\u043d\u0442\u0443\u0454 \u0431\u0435\u0437\u043f\u0440\u043e\u0431\u043b\u0435\u043c\u043d\u0435 \u0440\u043e\u0437\u043b\u0443\u0447\u0435\u043d\u043d\u044f \u043d\u0430\u0432\u0456\u0442\u044c \u0437\u0430 \u043a\u0456\u043b\u044c\u043a\u0430 \u0434\u043d\u0456\u0432..<\/p>\n<\/div><!-- .post-excerpt --><\/div><!-- .service-inner --><\/div><!-- .col \/ .owl-carousel-item \/ .isotope --><div class=\"col-lg-4 col-md-4\" ><div class=\"service-inner\"><div class=\"entry-title\"><h4 class=\"post-title-head\"><a href=\"https:\/\/jaworska-kancelaria.pl\/uk\/service\/%d0%bb%d0%be%d0%bf%d0%b0%d1%82%d0%b8\/\" class=\"post-title\">\u041b\u041e\u041f\u0410\u0422\u0418<\/a><\/h4><\/div><!-- .entry-title --><div class=\"post-excerpt\"><p>\u041a\u043e\u043c\u0430\u043d\u0434\u0430 \u044e\u0440\u0438\u0434\u0438\u0447\u043d\u043e\u0457 \u0444\u0456\u0440\u043c\u0438 \u0433\u0430\u0440\u0430\u043d\u0442\u0443\u0454, \u0449\u043e \u0432\u0430\u0448\u0435 \u043f\u0440\u0430\u0432\u043e\u043d\u0430\u0441\u0442\u0443\u043f\u043d\u0438\u0446\u0442\u0432\u043e \u0431\u0443\u0434\u0435 \u043f\u0440\u043e\u0444\u0435\u0441\u0456\u0439\u043d\u043e \u0432\u0438\u0440\u0456\u0448\u0435\u043d\u043e..<\/p>\n<\/div><!-- .post-excerpt --><\/div><!-- .service-inner --><\/div><!-- .col \/ .owl-carousel-item \/ .isotope --><div class=\"col-lg-4 col-md-4\" ><div class=\"service-inner\"><div class=\"entry-title\"><h4 class=\"post-title-head\"><a href=\"https:\/\/jaworska-kancelaria.pl\/uk\/service\/%d1%81%d0%bf%d0%be%d0%b6%d0%b8%d0%b2%d1%87%d0%b5-%d0%b1%d0%b0%d0%bd%d0%ba%d1%80%d1%83%d1%82%d1%81%d1%82%d0%b2%d0%be\/\" class=\"post-title\">\u0421\u041f\u041e\u0416\u0418\u0412\u0427\u0415 \u0411\u0410\u041d\u041a\u0420\u0423\u0422\u0421\u0422\u0412\u041e<\/a><\/h4><\/div><!-- .entry-title --><div class=\"post-excerpt\"><p>\u041a\u043e\u043c\u0430\u043d\u0434\u0430 \u043a\u043e\u043c\u043f\u0430\u043d\u0456\u0457 \u0437\u0430\u0431\u0435\u0437\u043f\u0435\u0447\u0443\u0454 \u0435\u0444\u0435\u043a\u0442\u0438\u0432\u043d\u0435 \u0441\u043f\u043e\u0436\u0438\u0432\u0447\u0435 \u0431\u0430\u043d\u043a\u0440\u0443\u0442\u0441\u0442\u0432\u043e \u043d\u0430\u0432\u0456\u0442\u044c \u0437\u0430 \u043a\u0456\u043b\u044c\u043a\u0430 \u0434\u043d\u0456\u0432..<\/p>\n<\/div><!-- .post-excerpt --><\/div><!-- .service-inner --><\/div><!-- .col \/ .owl-carousel-item \/ .isotope --><\/div><!-- .row --><div class=\"row\"><div class=\"col-lg-4 col-md-4\" ><div class=\"service-inner\"><div class=\"entry-title\"><h4 class=\"post-title-head\"><a href=\"https:\/\/jaworska-kancelaria.pl\/uk\/service\/%d0%b2%d1%96%d0%b4%d0%bf%d0%be%d0%b2%d1%96%d0%b4%d0%b0%d0%bb%d1%8c%d0%bd%d1%96%d1%81%d1%82%d1%8c-%d0%ba%d0%b5%d1%80%d1%96%d0%b2%d0%bd%d0%b8%d0%ba%d1%96%d0%b2-%d1%83-%d0%b7%d0%b2%d1%8f%d0%b7%d0%ba\/\" class=\"post-title\">\u0412\u0406\u0414\u041f\u041e\u0412\u0406\u0414\u0410\u041b\u042c\u041d\u0406\u0421\u0422\u042c \u041a\u0415\u0420\u0406\u0412\u041d\u0418\u041a\u0406\u0412 \u0423 \u0417\u0412&#8217;\u042f\u0417\u041a\u0423 \u0417 \u041d\u0415\u041f\u041b\u0410\u0422\u041e\u0421\u041f\u0420\u041e\u041c\u041e\u0416\u041d\u0406\u0421\u0422\u042e<\/a><\/h4><\/div><!-- .entry-title --><div class=\"post-excerpt\"><p>\u041a\u043e\u043c\u0430\u043d\u0434\u0430 \u0444\u0456\u0440\u043c\u0438 \u0437\u0430\u0431\u0435\u0437\u043f\u0435\u0447\u0443\u0454 \u0435\u0444\u0435\u043a\u0442\u0438\u0432\u043d\u0443 \u043a\u043e\u0440\u043f\u043e\u0440\u0430\u0442\u0438\u0432\u043d\u0443 \u043d\u0435\u043f\u043b\u0430\u0442\u043e\u0441\u043f\u0440\u043e\u043c\u043e\u0436\u043d\u0456\u0441\u0442\u044c \u0442\u0430 \u0440\u0435\u0441\u0442\u0440\u0443\u043a\u0442\u0443\u0440\u0438\u0437\u0430\u0446\u0456\u044e \u043d\u0430\u0432\u0456\u0442\u044c \u0437\u0430..<\/p>\n<\/div><!-- .post-excerpt --><\/div><!-- .service-inner --><\/div><!-- .col \/ .owl-carousel-item \/ .isotope --><div class=\"col-lg-4 col-md-4\" ><div class=\"service-inner\"><div class=\"entry-title\"><h4 class=\"post-title-head\"><a href=\"https:\/\/jaworska-kancelaria.pl\/uk\/service\/%d1%81%d1%82%d0%b2%d0%be%d1%80%d0%b5%d0%bd%d0%bd%d1%8f-%d0%ba%d0%be%d0%bc%d0%bf%d0%b0%d0%bd%d1%96%d0%b9-%d0%b0%d1%81%d0%be%d1%86%d1%96%d0%b0%d1%86%d1%96%d0%b9-%d1%84%d0%be%d0%bd%d0%b4%d1%96%d0%b2\/\" class=\"post-title\">\u0421\u0422\u0412\u041e\u0420\u0415\u041d\u041d\u042f \u041a\u041e\u041c\u041f\u0410\u041d\u0406\u0419, \u0410\u0421\u041e\u0426\u0406\u0410\u0426\u0406\u0419, \u0424\u041e\u041d\u0414\u0406\u0412<\/a><\/h4><\/div><!-- .entry-title --><div class=\"post-excerpt\"><p>\u041c\u0438 \u0432\u0441\u0435\u0431\u0456\u0447\u043d\u043e \u0434\u043e\u043f\u043e\u043c\u0430\u0433\u0430\u0454\u043c\u043e \u0443 \u0441\u0442\u0432\u043e\u0440\u0435\u043d\u043d\u0456 \u043a\u043e\u043c\u043f\u0430\u043d\u0456\u0439, \u0430\u0441\u043e\u0446\u0456\u0430\u0446\u0456\u0439 \u0442\u0430 \u0444\u043e\u043d\u0434\u0456\u0432. \u0423..<\/p>\n<\/div><!-- .post-excerpt --><\/div><!-- .service-inner --><\/div><!-- .col \/ .owl-carousel-item \/ .isotope --><div class=\"col-lg-4 col-md-4\" ><div class=\"service-inner\"><div class=\"entry-title\"><h4 class=\"post-title-head\"><a href=\"https:\/\/jaworska-kancelaria.pl\/uk\/service\/%d1%8e%d1%80%d0%b8%d0%b4%d0%b8%d1%87%d0%bd%d1%96-%d0%bf%d0%be%d1%81%d0%bb%d1%83%d0%b3%d0%b8-%d0%b4%d0%bb%d1%8f-%d0%bf%d1%96%d0%b4%d0%bf%d1%80%d0%b8%d1%94%d0%bc%d1%86%d1%96%d0%b2\/\" class=\"post-title\">\u042e\u0420\u0418\u0414\u0418\u0427\u041d\u0406 \u041f\u041e\u0421\u041b\u0423\u0413\u0418 \u0414\u041b\u042f \u041f\u0406\u0414\u041f\u0420\u0418\u0404\u041c\u0426\u0406\u0412<\/a><\/h4><\/div><!-- .entry-title --><div class=\"post-excerpt\"><p>\u0424\u0456\u0440\u043c\u0430 \u043d\u0430\u0434\u0430\u0454 \u043a\u043e\u043c\u043f\u043b\u0435\u043a\u0441\u043d\u0456 \u044e\u0440\u0438\u0434\u0438\u0447\u043d\u0456 \u043f\u043e\u0441\u043b\u0443\u0433\u0438 \u043f\u0456\u0434\u043f\u0440\u0438\u0454\u043c\u0446\u044f\u043c. \u0421\u043f\u0456\u043b\u043a\u0443\u0432\u0430\u043d\u043d\u044f \u0437 \u043a\u043b\u0456\u0454\u043d\u0442\u0430\u043c\u0438 \u041c\u0438..<\/p>\n<\/div><!-- .post-excerpt --><\/div><!-- .service-inner --><\/div><!-- .col \/ .owl-carousel-item \/ .isotope --><\/div><!-- .row -->\t\t\t\r\n\t\t<\/div>\r\n\t\t\t\t<\/div>\n\t\t\t\t\t<\/div>\n\t\t<\/div>\n\t\t\t\t\t<\/div>\n\t\t<\/section>\n\t\t\t\t<\/div>\n\t\t","protected":false},"excerpt":{"rendered":"<p>ROZWODY I PRAWO RODZINNE Zesp\u00f3\u0142 kancelarii zapewnia spokojny rozw\u00f3d nawet..<\/p>\n","protected":false},"author":3,"featured_media":0,"parent":0,"menu_order":0,"comment_status":"closed","ping_status":"closed","template":"","meta":{"footnotes":""},"yoast_head":"<!-- This site is optimized with the Yoast SEO plugin v22.3 - https:\/\/yoast.com\/wordpress\/plugins\/seo\/ -->\n<title>\u0421\u0442\u0438\u043b\u0456 \u043f\u0440\u0430\u043a\u0442\u0438\u043a 2 - Jaworska<\/title>\n<meta name=\"robots\" content=\"index, follow, max-snippet:-1, max-image-preview:large, max-video-preview:-1\" \/>\n<link rel=\"canonical\" href=\"https:\/\/jaworska-kancelaria.pl\/uk\/\u0441\u0442\u0438\u043b\u0456-\u043f\u0440\u0430\u043a\u0442\u0438\u043a-2\/\" \/>\n<meta property=\"og:locale\" content=\"uk_UA\" \/>\n<meta property=\"og:type\" content=\"article\" \/>\n<meta property=\"og:title\" content=\"\u0421\u0442\u0438\u043b\u0456 \u043f\u0440\u0430\u043a\u0442\u0438\u043a 2 - Jaworska\" \/>\n<meta property=\"og:description\" content=\"ROZWODY I PRAWO RODZINNE Zesp\u00f3\u0142 kancelarii zapewnia spokojny rozw\u00f3d nawet..\" \/>\n<meta property=\"og:url\" content=\"https:\/\/jaworska-kancelaria.pl\/uk\/\u0441\u0442\u0438\u043b\u0456-\u043f\u0440\u0430\u043a\u0442\u0438\u043a-2\/\" \/>\n<meta property=\"og:site_name\" content=\"Jaworska\" \/>\n<meta property=\"article:modified_time\" content=\"2024-07-17T11:18:59+00:00\" \/>\n<meta property=\"og:image\" content=\"https:\/\/jaworska-kancelaria.pl\/wp-content\/uploads\/2022\/07\/news-2.png\" \/>\n<meta name=\"twitter:card\" content=\"summary_large_image\" \/>\n<script type=\"application\/ld+json\" class=\"yoast-schema-graph\">{\"@context\":\"https:\/\/schema.org\",\"@graph\":[{\"@type\":\"WebPage\",\"@id\":\"https:\/\/jaworska-kancelaria.pl\/uk\/%d1%81%d1%82%d0%b8%d0%bb%d1%96-%d0%bf%d1%80%d0%b0%d0%ba%d1%82%d0%b8%d0%ba-2\/\",\"url\":\"https:\/\/jaworska-kancelaria.pl\/uk\/%d1%81%d1%82%d0%b8%d0%bb%d1%96-%d0%bf%d1%80%d0%b0%d0%ba%d1%82%d0%b8%d0%ba-2\/\",\"name\":\"\u0421\u0442\u0438\u043b\u0456 \u043f\u0440\u0430\u043a\u0442\u0438\u043a 2 - Jaworska\",\"isPartOf\":{\"@id\":\"https:\/\/jaworska-kancelaria.pl\/#website\"},\"primaryImageOfPage\":{\"@id\":\"https:\/\/jaworska-kancelaria.pl\/uk\/%d1%81%d1%82%d0%b8%d0%bb%d1%96-%d0%bf%d1%80%d0%b0%d0%ba%d1%82%d0%b8%d0%ba-2\/#primaryimage\"},\"image\":{\"@id\":\"https:\/\/jaworska-kancelaria.pl\/uk\/%d1%81%d1%82%d0%b8%d0%bb%d1%96-%d0%bf%d1%80%d0%b0%d0%ba%d1%82%d0%b8%d0%ba-2\/#primaryimage\"},\"thumbnailUrl\":\"https:\/\/jaworska-kancelaria.pl\/wp-content\/uploads\/2022\/07\/news-2.png\",\"datePublished\":\"2023-03-07T11:19:55+00:00\",\"dateModified\":\"2024-07-17T11:18:59+00:00\",\"breadcrumb\":{\"@id\":\"https:\/\/jaworska-kancelaria.pl\/uk\/%d1%81%d1%82%d0%b8%d0%bb%d1%96-%d0%bf%d1%80%d0%b0%d0%ba%d1%82%d0%b8%d0%ba-2\/#breadcrumb\"},\"inLanguage\":\"uk\",\"potentialAction\":[{\"@type\":\"ReadAction\",\"target\":[\"https:\/\/jaworska-kancelaria.pl\/uk\/%d1%81%d1%82%d0%b8%d0%bb%d1%96-%d0%bf%d1%80%d0%b0%d0%ba%d1%82%d0%b8%d0%ba-2\/\"]}]},{\"@type\":\"ImageObject\",\"inLanguage\":\"uk\",\"@id\":\"https:\/\/jaworska-kancelaria.pl\/uk\/%d1%81%d1%82%d0%b8%d0%bb%d1%96-%d0%bf%d1%80%d0%b0%d0%ba%d1%82%d0%b8%d0%ba-2\/#primaryimage\",\"url\":\"https:\/\/jaworska-kancelaria.pl\/wp-content\/uploads\/2022\/07\/news-2.png\",\"contentUrl\":\"https:\/\/jaworska-kancelaria.pl\/wp-content\/uploads\/2022\/07\/news-2.png\",\"width\":128,\"height\":128},{\"@type\":\"BreadcrumbList\",\"@id\":\"https:\/\/jaworska-kancelaria.pl\/uk\/%d1%81%d1%82%d0%b8%d0%bb%d1%96-%d0%bf%d1%80%d0%b0%d0%ba%d1%82%d0%b8%d0%ba-2\/#breadcrumb\",\"itemListElement\":[{\"@type\":\"ListItem\",\"position\":1,\"name\":\"Strona g\u0142\u00f3wna\",\"item\":\"https:\/\/jaworska-kancelaria.pl\/\"},{\"@type\":\"ListItem\",\"position\":2,\"name\":\"\u0421\u0442\u0438\u043b\u0456 \u043f\u0440\u0430\u043a\u0442\u0438\u043a 2\"}]},{\"@type\":\"WebSite\",\"@id\":\"https:\/\/jaworska-kancelaria.pl\/#website\",\"url\":\"https:\/\/jaworska-kancelaria.pl\/\",\"name\":\"Jaworska\",\"description\":\"\",\"publisher\":{\"@id\":\"https:\/\/jaworska-kancelaria.pl\/#organization\"},\"potentialAction\":[{\"@type\":\"SearchAction\",\"target\":{\"@type\":\"EntryPoint\",\"urlTemplate\":\"https:\/\/jaworska-kancelaria.pl\/?s={search_term_string}\"},\"query-input\":\"required name=search_term_string\"}],\"inLanguage\":\"uk\"},{\"@type\":\"Organization\",\"@id\":\"https:\/\/jaworska-kancelaria.pl\/#organization\",\"name\":\"Jaworska\",\"url\":\"https:\/\/jaworska-kancelaria.pl\/\",\"logo\":{\"@type\":\"ImageObject\",\"inLanguage\":\"uk\",\"@id\":\"https:\/\/jaworska-kancelaria.pl\/#\/schema\/logo\/image\/\",\"url\":\"https:\/\/jaworska-kancelaria.pl\/wp-content\/uploads\/2023\/03\/1-logo.png.webp\",\"contentUrl\":\"https:\/\/jaworska-kancelaria.pl\/wp-content\/uploads\/2023\/03\/1-logo.png.webp\",\"width\":197,\"height\":92,\"caption\":\"Jaworska\"},\"image\":{\"@id\":\"https:\/\/jaworska-kancelaria.pl\/#\/schema\/logo\/image\/\"}}]}<\/script>\n<!-- \/ Yoast SEO plugin. -->","yoast_head_json":{"title":"\u0421\u0442\u0438\u043b\u0456 \u043f\u0440\u0430\u043a\u0442\u0438\u043a 2 - Jaworska","robots":{"index":"index","follow":"follow","max-snippet":"max-snippet:-1","max-image-preview":"max-image-preview:large","max-video-preview":"max-video-preview:-1"},"canonical":"https:\/\/jaworska-kancelaria.pl\/uk\/\u0441\u0442\u0438\u043b\u0456-\u043f\u0440\u0430\u043a\u0442\u0438\u043a-2\/","og_locale":"uk_UA","og_type":"article","og_title":"\u0421\u0442\u0438\u043b\u0456 \u043f\u0440\u0430\u043a\u0442\u0438\u043a 2 - Jaworska","og_description":"ROZWODY I PRAWO RODZINNE Zesp\u00f3\u0142 kancelarii zapewnia spokojny rozw\u00f3d nawet..","og_url":"https:\/\/jaworska-kancelaria.pl\/uk\/\u0441\u0442\u0438\u043b\u0456-\u043f\u0440\u0430\u043a\u0442\u0438\u043a-2\/","og_site_name":"Jaworska","article_modified_time":"2024-07-17T11:18:59+00:00","og_image":[{"url":"https:\/\/jaworska-kancelaria.pl\/wp-content\/uploads\/2022\/07\/news-2.png"}],"twitter_card":"summary_large_image","schema":{"@context":"https:\/\/schema.org","@graph":[{"@type":"WebPage","@id":"https:\/\/jaworska-kancelaria.pl\/uk\/%d1%81%d1%82%d0%b8%d0%bb%d1%96-%d0%bf%d1%80%d0%b0%d0%ba%d1%82%d0%b8%d0%ba-2\/","url":"https:\/\/jaworska-kancelaria.pl\/uk\/%d1%81%d1%82%d0%b8%d0%bb%d1%96-%d0%bf%d1%80%d0%b0%d0%ba%d1%82%d0%b8%d0%ba-2\/","name":"\u0421\u0442\u0438\u043b\u0456 \u043f\u0440\u0430\u043a\u0442\u0438\u043a 2 - Jaworska","isPartOf":{"@id":"https:\/\/jaworska-kancelaria.pl\/#website"},"primaryImageOfPage":{"@id":"https:\/\/jaworska-kancelaria.pl\/uk\/%d1%81%d1%82%d0%b8%d0%bb%d1%96-%d0%bf%d1%80%d0%b0%d0%ba%d1%82%d0%b8%d0%ba-2\/#primaryimage"},"image":{"@id":"https:\/\/jaworska-kancelaria.pl\/uk\/%d1%81%d1%82%d0%b8%d0%bb%d1%96-%d0%bf%d1%80%d0%b0%d0%ba%d1%82%d0%b8%d0%ba-2\/#primaryimage"},"thumbnailUrl":"https:\/\/jaworska-kancelaria.pl\/wp-content\/uploads\/2022\/07\/news-2.png","datePublished":"2023-03-07T11:19:55+00:00","dateModified":"2024-07-17T11:18:59+00:00","breadcrumb":{"@id":"https:\/\/jaworska-kancelaria.pl\/uk\/%d1%81%d1%82%d0%b8%d0%bb%d1%96-%d0%bf%d1%80%d0%b0%d0%ba%d1%82%d0%b8%d0%ba-2\/#breadcrumb"},"inLanguage":"uk","potentialAction":[{"@type":"ReadAction","target":["https:\/\/jaworska-kancelaria.pl\/uk\/%d1%81%d1%82%d0%b8%d0%bb%d1%96-%d0%bf%d1%80%d0%b0%d0%ba%d1%82%d0%b8%d0%ba-2\/"]}]},{"@type":"ImageObject","inLanguage":"uk","@id":"https:\/\/jaworska-kancelaria.pl\/uk\/%d1%81%d1%82%d0%b8%d0%bb%d1%96-%d0%bf%d1%80%d0%b0%d0%ba%d1%82%d0%b8%d0%ba-2\/#primaryimage","url":"https:\/\/jaworska-kancelaria.pl\/wp-content\/uploads\/2022\/07\/news-2.png","contentUrl":"https:\/\/jaworska-kancelaria.pl\/wp-content\/uploads\/2022\/07\/news-2.png","width":128,"height":128},{"@type":"BreadcrumbList","@id":"https:\/\/jaworska-kancelaria.pl\/uk\/%d1%81%d1%82%d0%b8%d0%bb%d1%96-%d0%bf%d1%80%d0%b0%d0%ba%d1%82%d0%b8%d0%ba-2\/#breadcrumb","itemListElement":[{"@type":"ListItem","position":1,"name":"Strona g\u0142\u00f3wna","item":"https:\/\/jaworska-kancelaria.pl\/"},{"@type":"ListItem","position":2,"name":"\u0421\u0442\u0438\u043b\u0456 \u043f\u0440\u0430\u043a\u0442\u0438\u043a 2"}]},{"@type":"WebSite","@id":"https:\/\/jaworska-kancelaria.pl\/#website","url":"https:\/\/jaworska-kancelaria.pl\/","name":"Jaworska","description":"","publisher":{"@id":"https:\/\/jaworska-kancelaria.pl\/#organization"},"potentialAction":[{"@type":"SearchAction","target":{"@type":"EntryPoint","urlTemplate":"https:\/\/jaworska-kancelaria.pl\/?s={search_term_string}"},"query-input":"required name=search_term_string"}],"inLanguage":"uk"},{"@type":"Organization","@id":"https:\/\/jaworska-kancelaria.pl\/#organization","name":"Jaworska","url":"https:\/\/jaworska-kancelaria.pl\/","logo":{"@type":"ImageObject","inLanguage":"uk","@id":"https:\/\/jaworska-kancelaria.pl\/#\/schema\/logo\/image\/","url":"https:\/\/jaworska-kancelaria.pl\/wp-content\/uploads\/2023\/03\/1-logo.png.webp","contentUrl":"https:\/\/jaworska-kancelaria.pl\/wp-content\/uploads\/2023\/03\/1-logo.png.webp","width":197,"height":92,"caption":"Jaworska"},"image":{"@id":"https:\/\/jaworska-kancelaria.pl\/#\/schema\/logo\/image\/"}}]}},"_links":{"self":[{"href":"https:\/\/jaworska-kancelaria.pl\/uk\/wp-json\/wp\/v2\/pages\/37869"}],"collection":[{"href":"https:\/\/jaworska-kancelaria.pl\/uk\/wp-json\/wp\/v2\/pages"}],"about":[{"href":"https:\/\/jaworska-kancelaria.pl\/uk\/wp-json\/wp\/v2\/types\/page"}],"author":[{"embeddable":true,"href":"https:\/\/jaworska-kancelaria.pl\/uk\/wp-json\/wp\/v2\/users\/3"}],"replies":[{"embeddable":true,"href":"https:\/\/jaworska-kancelaria.pl\/uk\/wp-json\/wp\/v2\/comments?post=37869"}],"version-history":[{"count":1,"href":"https:\/\/jaworska-kancelaria.pl\/uk\/wp-json\/wp\/v2\/pages\/37869\/revisions"}],"predecessor-version":[{"id":37874,"href":"https:\/\/jaworska-kancelaria.pl\/uk\/wp-json\/wp\/v2\/pages\/37869\/revisions\/37874"}],"wp:attachment":[{"href":"https:\/\/jaworska-kancelaria.pl\/uk\/wp-json\/wp\/v2\/media?parent=37869"}],"curies":[{"name":"wp","href":"https:\/\/api.w.org\/{rel}","templated":true}]}}